{"id":2720,"date":"2022-08-22T09:16:22","date_gmt":"2022-08-22T14:16:22","guid":{"rendered":"https:\/\/livo.co\/?page_id=2720"},"modified":"2023-11-20T14:35:41","modified_gmt":"2023-11-20T19:35:41","slug":"trabaja-con-nosotros","status":"publish","type":"page","link":"https:\/\/livo.co\/en\/trabaja-con-nosotros\/","title":{"rendered":"Careers"},"content":{"rendered":"<div data-elementor-type=\"wp-page\" data-elementor-id=\"2720\" class=\"elementor elementor-2720\" data-elementor-post-type=\"page\">\n\t\t\t\t\t\t<section class=\"elementor-section elementor-top-section elementor-element elementor-element-9489007 elementor-section-boxed elementor-section-height-default elementor-section-height-default elementor-invisible\" data-id=\"9489007\" data-element_type=\"section\" data-settings=\"{&quot;background_background&quot;:&quot;slideshow&quot;,&quot;background_slideshow_gallery&quot;:[{&quot;id&quot;:302,&quot;url&quot;:&quot;http:\\\/\\\/391.fe1.myftpupload.com\\\/wp-content\\\/uploads\\\/2022\\\/08\\\/Mesa-de-trabajo-46@4x.png&quot;}],&quot;animation&quot;:&quot;fadeIn&quot;,&quot;background_slideshow_loop&quot;:&quot;yes&quot;,&quot;background_slideshow_slide_duration&quot;:5000,&quot;background_slideshow_slide_transition&quot;:&quot;fade&quot;,&quot;background_slideshow_transition_duration&quot;:500}\">\n\t\t\t\t\t\t<div class=\"elementor-container elementor-column-gap-default\">\n\t\t\t\t\t<div class=\"elementor-column elementor-col-50 elementor-top-column elementor-element elementor-element-f5d4418\" data-id=\"f5d4418\" data-element_type=\"column\">\n\t\t\t<div class=\"elementor-widget-wrap elementor-element-populated\">\n\t\t\t\t\t\t<div class=\"elementor-element elementor-element-4cae368 elementor-widget elementor-widget-text-editor\" data-id=\"4cae368\" data-element_type=\"widget\" data-widget_type=\"text-editor.default\">\n\t\t\t\t<div class=\"elementor-widget-container\">\n\t\t\t\t\t\t\t\t\t<p><span style=\"font-weight: 400;\">JOIN OUR CREW<\/span><\/p>\t\t\t\t\t\t\t\t<\/div>\n\t\t\t\t<\/div>\n\t\t\t\t<div class=\"elementor-element elementor-element-56976dd elementor-widget elementor-widget-heading\" data-id=\"56976dd\" data-element_type=\"widget\" data-widget_type=\"heading.default\">\n\t\t\t\t<div class=\"elementor-widget-container\">\n\t\t\t\t\t<h2 class=\"elementor-heading-title elementor-size-default\">\u201cExplore your dream job\u2019\u2019\n<\/h2>\t\t\t\t<\/div>\n\t\t\t\t<\/div>\n\t\t\t\t<div class=\"elementor-element elementor-element-b42be6c elementor-fixed elementor-view-default elementor-widget elementor-widget-icon\" data-id=\"b42be6c\" data-element_type=\"widget\" data-settings=\"{&quot;_position&quot;:&quot;fixed&quot;}\" data-widget_type=\"icon.default\">\n\t\t\t\t<div class=\"elementor-widget-container\">\n\t\t\t\t\t\t\t<div class=\"elementor-icon-wrapper\">\n\t\t\t<a class=\"elementor-icon\" href=\"https:\/\/wa.link\/g5ytau\" target=\"_blank\">\n\t\t\t<i aria-hidden=\"true\" class=\"fab fa-whatsapp\"><\/i>\t\t\t<\/a>\n\t\t<\/div>\n\t\t\t\t\t\t<\/div>\n\t\t\t\t<\/div>\n\t\t\t\t\t<\/div>\n\t\t<\/div>\n\t\t\t\t<div class=\"elementor-column elementor-col-50 elementor-top-column elementor-element elementor-element-71e26e2\" data-id=\"71e26e2\" data-element_type=\"column\">\n\t\t\t<div class=\"elementor-widget-wrap elementor-element-populated\">\n\t\t\t\t\t\t<div class=\"elementor-element elementor-element-bdbaeb6 elementor-widget__width-initial elementor-invisible elementor-widget elementor-widget-heading\" data-id=\"bdbaeb6\" data-element_type=\"widget\" data-settings=\"{&quot;_animation&quot;:&quot;fadeIn&quot;}\" data-widget_type=\"heading.default\">\n\t\t\t\t<div class=\"elementor-widget-container\">\n\t\t\t\t\t<h2 class=\"elementor-heading-title elementor-size-default\">Careers Opportunities\n<\/h2>\t\t\t\t<\/div>\n\t\t\t\t<\/div>\n\t\t\t\t<div class=\"elementor-element elementor-element-fecbc7c elementor-widget elementor-widget-text-editor\" data-id=\"fecbc7c\" data-element_type=\"widget\" data-widget_type=\"text-editor.default\">\n\t\t\t\t<div class=\"elementor-widget-container\">\n\t\t\t\t\t\t\t\t\t<p><span style=\"font-weight: 400;\">At LIVO we are looking to expand our team, and we want to get to know you.<\/span><\/p>\t\t\t\t\t\t\t\t<\/div>\n\t\t\t\t<\/div>\n\t\t\t\t<div class=\"elementor-element elementor-element-e57588c elementor-mobile-align-center elementor-widget elementor-widget-button\" data-id=\"e57588c\" data-element_type=\"widget\" data-widget_type=\"button.default\">\n\t\t\t\t<div class=\"elementor-widget-container\">\n\t\t\t\t\t\t\t\t\t<div class=\"elementor-button-wrapper\">\n\t\t\t\t\t<a class=\"elementor-button elementor-button-link elementor-size-sm\" href=\"#\">\n\t\t\t\t\t\t<span class=\"elementor-button-content-wrapper\">\n\t\t\t\t\t\t\t\t\t<span class=\"elementor-button-text\">Open Jobs<\/span>\n\t\t\t\t\t<\/span>\n\t\t\t\t\t<\/a>\n\t\t\t\t<\/div>\n\t\t\t\t\t\t\t\t<\/div>\n\t\t\t\t<\/div>\n\t\t\t\t\t<\/div>\n\t\t<\/div>\n\t\t\t\t\t<\/div>\n\t\t<\/section>\n\t\t\t\t<section class=\"elementor-section elementor-top-section elementor-element elementor-element-85422f6 elementor-section-boxed elementor-section-height-default elementor-section-height-default elementor-invisible\" data-id=\"85422f6\" data-element_type=\"section\" data-settings=\"{&quot;background_background&quot;:&quot;slideshow&quot;,&quot;background_slideshow_gallery&quot;:[{&quot;id&quot;:308,&quot;url&quot;:&quot;http:\\\/\\\/391.fe1.myftpupload.com\\\/wp-content\\\/uploads\\\/2022\\\/08\\\/Mesa-de-trabajo-57@4x.png&quot;}],&quot;animation&quot;:&quot;fadeIn&quot;,&quot;background_slideshow_loop&quot;:&quot;yes&quot;,&quot;background_slideshow_slide_duration&quot;:5000,&quot;background_slideshow_slide_transition&quot;:&quot;fade&quot;,&quot;background_slideshow_transition_duration&quot;:500}\">\n\t\t\t\t\t\t<div class=\"elementor-container elementor-column-gap-default\">\n\t\t\t\t\t<div class=\"elementor-column elementor-col-100 elementor-top-column elementor-element elementor-element-8f423dd\" data-id=\"8f423dd\" data-element_type=\"column\">\n\t\t\t<div class=\"elementor-widget-wrap elementor-element-populated\">\n\t\t\t\t\t\t<section class=\"elementor-section elementor-inner-section elementor-element elementor-element-6315403 elementor-section-boxed elementor-section-height-default elementor-section-height-default\" data-id=\"6315403\" data-element_type=\"section\">\n\t\t\t\t\t\t<div class=\"elementor-container elementor-column-gap-default\">\n\t\t\t\t\t<div class=\"elementor-column elementor-col-50 elementor-inner-column elementor-element elementor-element-029c32c\" data-id=\"029c32c\" data-element_type=\"column\">\n\t\t\t<div class=\"elementor-widget-wrap elementor-element-populated\">\n\t\t\t\t\t\t<div class=\"elementor-element elementor-element-72609a9 elementor-widget__width-initial elementor-invisible elementor-widget elementor-widget-heading\" data-id=\"72609a9\" data-element_type=\"widget\" data-settings=\"{&quot;_animation&quot;:&quot;fadeIn&quot;}\" data-widget_type=\"heading.default\">\n\t\t\t\t<div class=\"elementor-widget-container\">\n\t\t\t\t\t<h2 class=\"elementor-heading-title elementor-size-default\">Our Values<\/h2>\t\t\t\t<\/div>\n\t\t\t\t<\/div>\n\t\t\t\t<div class=\"elementor-element elementor-element-9eb2b52 elementor-widget elementor-widget-text-editor\" data-id=\"9eb2b52\" data-element_type=\"widget\" data-widget_type=\"text-editor.default\">\n\t\t\t\t<div class=\"elementor-widget-container\">\n\t\t\t\t\t\t\t\t\t<ul><li><span style=\"font-weight: 400;\"> Trustworthy Spirit<\/span><\/li><li><span style=\"font-weight: 400;\"> Inspiring Innovation<\/span><\/li><li><span style=\"font-weight: 400;\"> Community Focus<\/span><\/li><li><span style=\"font-weight: 400;\"> Tailored Service<\/span><\/li><li><span style=\"font-weight: 400;\"> Visionary Dream-Making<\/span><\/li><li><span style=\"font-weight: 400;\"> Unwavering Commitment<\/span><\/li><\/ul>\t\t\t\t\t\t\t\t<\/div>\n\t\t\t\t<\/div>\n\t\t\t\t\t<\/div>\n\t\t<\/div>\n\t\t\t\t<div class=\"elementor-column elementor-col-50 elementor-inner-column elementor-element elementor-element-734d662\" data-id=\"734d662\" data-element_type=\"column\">\n\t\t\t<div class=\"elementor-widget-wrap\">\n\t\t\t\t\t\t\t<\/div>\n\t\t<\/div>\n\t\t\t\t\t<\/div>\n\t\t<\/section>\n\t\t\t\t\t<\/div>\n\t\t<\/div>\n\t\t\t\t\t<\/div>\n\t\t<\/section>\n\t\t\t\t<section class=\"elementor-section elementor-top-section elementor-element elementor-element-389459e elementor-section-boxed elementor-section-height-default elementor-section-height-default elementor-invisible\" data-id=\"389459e\" data-element_type=\"section\" data-settings=\"{&quot;background_background&quot;:&quot;slideshow&quot;,&quot;background_slideshow_gallery&quot;:[{&quot;id&quot;:242,&quot;url&quot;:&quot;http:\\\/\\\/391.fe1.myftpupload.com\\\/wp-content\\\/uploads\\\/2022\\\/08\\\/Web-Resources-30.png&quot;}],&quot;animation&quot;:&quot;fadeIn&quot;,&quot;background_slideshow_loop&quot;:&quot;yes&quot;,&quot;background_slideshow_slide_duration&quot;:5000,&quot;background_slideshow_slide_transition&quot;:&quot;fade&quot;,&quot;background_slideshow_transition_duration&quot;:500}\">\n\t\t\t\t\t\t<div class=\"elementor-container elementor-column-gap-default\">\n\t\t\t\t\t<div class=\"elementor-column elementor-col-100 elementor-top-column elementor-element elementor-element-4e94b06\" data-id=\"4e94b06\" data-element_type=\"column\">\n\t\t\t<div class=\"elementor-widget-wrap elementor-element-populated\">\n\t\t\t\t\t\t<div class=\"elementor-element elementor-element-d3ffef5 elementor-widget__width-initial elementor-invisible elementor-widget elementor-widget-heading\" data-id=\"d3ffef5\" data-element_type=\"widget\" data-settings=\"{&quot;_animation&quot;:&quot;fadeIn&quot;}\" data-widget_type=\"heading.default\">\n\t\t\t\t<div class=\"elementor-widget-container\">\n\t\t\t\t\t<h2 class=\"elementor-heading-title elementor-size-default\">Equitable Hiring<\/h2>\t\t\t\t<\/div>\n\t\t\t\t<\/div>\n\t\t\t\t<div class=\"elementor-element elementor-element-145178f elementor-widget elementor-widget-text-editor\" data-id=\"145178f\" data-element_type=\"widget\" data-widget_type=\"text-editor.default\">\n\t\t\t\t<div class=\"elementor-widget-container\">\n\t\t\t\t\t\t\t\t\t<p><span style=\"font-weight: 400;\">We are committed to creating a culture where all Livoers feel like they belong and are empowered. We strive to be a place where a mix of talented people feel welcome, decide to stay and do their best.<br \/><br \/><\/span><span style=\"font-weight: 400;\">We recruit, employ, train, compensate, and promote regardless of race, religion, color, national origin, sex, disability, or age.<\/span><\/p>\t\t\t\t\t\t\t\t<\/div>\n\t\t\t\t<\/div>\n\t\t\t\t\t<\/div>\n\t\t<\/div>\n\t\t\t\t\t<\/div>\n\t\t<\/section>\n\t\t\t\t<\/div>","protected":false},"excerpt":{"rendered":"<p>\u00daNETE A NUESTRO EQUIPO \u201cExplora el trabajo de tus sue\u00f1os\u201d Oportunidades de carrera En Livo estamos buscando expandir nuestro equipo y queremos conocerte. Puestos abiertos Nuestros valores Esp\u00edritu digno de confianza Innovaci\u00f3n inspiradora Enfoque comunitario Servicio personalizado Creaci\u00f3n de sue\u00f1os visionarios Compromiso inquebrantable Contrataci\u00f3n Equitativa \u201cEstamos comprometidos con la creaci\u00f3n de una cultura en la [&hellip;]<\/p>","protected":false},"author":1,"featured_media":279,"parent":0,"menu_order":0,"comment_status":"closed","ping_status":"closed","template":"","meta":{"footnotes":""},"class_list":["post-2720","page","type-page","status-publish","has-post-thumbnail","hentry"],"yoast_head":"<!-- This site is optimized with the Yoast SEO plugin v26.1.1 - https:\/\/yoast.com\/wordpress\/plugins\/seo\/ -->\n<title>Trabaja con Nosotros - LIVO<\/title>\n<meta name=\"robots\" content=\"index, follow, max-snippet:-1, max-image-preview:large, max-video-preview:-1\" \/>\n<link rel=\"canonical\" href=\"https:\/\/livo.co\/en\/trabaja-con-nosotros\/\" \/>\n<meta property=\"og:locale\" content=\"en_US\" \/>\n<meta property=\"og:type\" content=\"article\" \/>\n<meta property=\"og:title\" content=\"Trabaja con Nosotros - LIVO\" \/>\n<meta property=\"og:description\" content=\"\u00daNETE A NUESTRO EQUIPO \u201cExplora el trabajo de tus sue\u00f1os\u201d Oportunidades de carrera En Livo estamos buscando expandir nuestro equipo y queremos conocerte. Puestos abiertos Nuestros valores Esp\u00edritu digno de confianza Innovaci\u00f3n inspiradora Enfoque comunitario Servicio personalizado Creaci\u00f3n de sue\u00f1os visionarios Compromiso inquebrantable Contrataci\u00f3n Equitativa \u201cEstamos comprometidos con la creaci\u00f3n de una cultura en la [&hellip;]\" \/>\n<meta property=\"og:url\" content=\"https:\/\/livo.co\/en\/trabaja-con-nosotros\/\" \/>\n<meta property=\"og:site_name\" content=\"LIVO\" \/>\n<meta property=\"article:publisher\" content=\"https:\/\/www.facebook.com\/Livohomes\" \/>\n<meta property=\"article:modified_time\" content=\"2023-11-20T19:35:41+00:00\" \/>\n<meta property=\"og:image\" content=\"https:\/\/livo.co\/wp-content\/uploads\/2022\/08\/front-view-of-smiley-female-realtor-with-young-couple-embracing-in-the-background-min-scaled.jpg\" \/>\n\t<meta property=\"og:image:width\" content=\"2560\" \/>\n\t<meta property=\"og:image:height\" content=\"1708\" \/>\n\t<meta property=\"og:image:type\" content=\"image\/jpeg\" \/>\n<meta name=\"twitter:card\" content=\"summary_large_image\" \/>\n<meta name=\"twitter:label1\" content=\"Est. reading time\" \/>\n\t<meta name=\"twitter:data1\" content=\"1 minute\" \/>\n<script type=\"application\/ld+json\" class=\"yoast-schema-graph\">{\"@context\":\"https:\/\/schema.org\",\"@graph\":[{\"@type\":\"WebPage\",\"@id\":\"https:\/\/livo.co\/trabaja-con-nosotros\/\",\"url\":\"https:\/\/livo.co\/trabaja-con-nosotros\/\",\"name\":\"Trabaja con Nosotros - LIVO\",\"isPartOf\":{\"@id\":\"https:\/\/livo.co\/#website\"},\"primaryImageOfPage\":{\"@id\":\"https:\/\/livo.co\/trabaja-con-nosotros\/#primaryimage\"},\"image\":{\"@id\":\"https:\/\/livo.co\/trabaja-con-nosotros\/#primaryimage\"},\"thumbnailUrl\":\"https:\/\/livo.co\/wp-content\/uploads\/2022\/08\/front-view-of-smiley-female-realtor-with-young-couple-embracing-in-the-background-min-scaled.jpg\",\"datePublished\":\"2022-08-22T14:16:22+00:00\",\"dateModified\":\"2023-11-20T19:35:41+00:00\",\"breadcrumb\":{\"@id\":\"https:\/\/livo.co\/trabaja-con-nosotros\/#breadcrumb\"},\"inLanguage\":\"en-US\",\"potentialAction\":[{\"@type\":\"ReadAction\",\"target\":[\"https:\/\/livo.co\/trabaja-con-nosotros\/\"]}]},{\"@type\":\"ImageObject\",\"inLanguage\":\"en-US\",\"@id\":\"https:\/\/livo.co\/trabaja-con-nosotros\/#primaryimage\",\"url\":\"https:\/\/livo.co\/wp-content\/uploads\/2022\/08\/front-view-of-smiley-female-realtor-with-young-couple-embracing-in-the-background-min-scaled.jpg\",\"contentUrl\":\"https:\/\/livo.co\/wp-content\/uploads\/2022\/08\/front-view-of-smiley-female-realtor-with-young-couple-embracing-in-the-background-min-scaled.jpg\",\"width\":2560,\"height\":1708},{\"@type\":\"BreadcrumbList\",\"@id\":\"https:\/\/livo.co\/trabaja-con-nosotros\/#breadcrumb\",\"itemListElement\":[{\"@type\":\"ListItem\",\"position\":1,\"name\":\"Home\",\"item\":\"https:\/\/livo.co\/\"},{\"@type\":\"ListItem\",\"position\":2,\"name\":\"Trabaja con Nosotros\"}]},{\"@type\":\"WebSite\",\"@id\":\"https:\/\/livo.co\/#website\",\"url\":\"https:\/\/livo.co\/\",\"name\":\"Livo.co\",\"description\":\"Vive tu sue\u00f1o desde 1\/8\",\"publisher\":{\"@id\":\"https:\/\/livo.co\/#organization\"},\"potentialAction\":[{\"@type\":\"SearchAction\",\"target\":{\"@type\":\"EntryPoint\",\"urlTemplate\":\"https:\/\/livo.co\/?s={search_term_string}\"},\"query-input\":{\"@type\":\"PropertyValueSpecification\",\"valueRequired\":true,\"valueName\":\"search_term_string\"}}],\"inLanguage\":\"en-US\"},{\"@type\":\"Organization\",\"@id\":\"https:\/\/livo.co\/#organization\",\"name\":\"Livo.co\",\"url\":\"https:\/\/livo.co\/\",\"logo\":{\"@type\":\"ImageObject\",\"inLanguage\":\"en-US\",\"@id\":\"https:\/\/livo.co\/#\/schema\/logo\/image\/\",\"url\":\"https:\/\/livo.co\/wp-content\/uploads\/2022\/08\/cropped-Web-Resources-01.png\",\"contentUrl\":\"https:\/\/livo.co\/wp-content\/uploads\/2022\/08\/cropped-Web-Resources-01.png\",\"width\":284,\"height\":81,\"caption\":\"Livo.co\"},\"image\":{\"@id\":\"https:\/\/livo.co\/#\/schema\/logo\/image\/\"},\"sameAs\":[\"https:\/\/www.facebook.com\/Livohomes\",\"https:\/\/www.instagram.com\/livohomes\/\",\"https:\/\/www.linkedin.com\/company\/livohomes\/?viewAsMember=true\"]}]}<\/script>\n<!-- \/ Yoast SEO plugin. -->","yoast_head_json":{"title":"Trabaja con Nosotros - LIVO","robots":{"index":"index","follow":"follow","max-snippet":"max-snippet:-1","max-image-preview":"max-image-preview:large","max-video-preview":"max-video-preview:-1"},"canonical":"https:\/\/livo.co\/en\/trabaja-con-nosotros\/","og_locale":"en_US","og_type":"article","og_title":"Trabaja con Nosotros - LIVO","og_description":"\u00daNETE A NUESTRO EQUIPO \u201cExplora el trabajo de tus sue\u00f1os\u201d Oportunidades de carrera En Livo estamos buscando expandir nuestro equipo y queremos conocerte. Puestos abiertos Nuestros valores Esp\u00edritu digno de confianza Innovaci\u00f3n inspiradora Enfoque comunitario Servicio personalizado Creaci\u00f3n de sue\u00f1os visionarios Compromiso inquebrantable Contrataci\u00f3n Equitativa \u201cEstamos comprometidos con la creaci\u00f3n de una cultura en la [&hellip;]","og_url":"https:\/\/livo.co\/en\/trabaja-con-nosotros\/","og_site_name":"LIVO","article_publisher":"https:\/\/www.facebook.com\/Livohomes","article_modified_time":"2023-11-20T19:35:41+00:00","og_image":[{"width":2560,"height":1708,"url":"https:\/\/livo.co\/wp-content\/uploads\/2022\/08\/front-view-of-smiley-female-realtor-with-young-couple-embracing-in-the-background-min-scaled.jpg","type":"image\/jpeg"}],"twitter_card":"summary_large_image","twitter_misc":{"Est. reading time":"1 minute"},"schema":{"@context":"https:\/\/schema.org","@graph":[{"@type":"WebPage","@id":"https:\/\/livo.co\/trabaja-con-nosotros\/","url":"https:\/\/livo.co\/trabaja-con-nosotros\/","name":"Trabaja con Nosotros - LIVO","isPartOf":{"@id":"https:\/\/livo.co\/#website"},"primaryImageOfPage":{"@id":"https:\/\/livo.co\/trabaja-con-nosotros\/#primaryimage"},"image":{"@id":"https:\/\/livo.co\/trabaja-con-nosotros\/#primaryimage"},"thumbnailUrl":"https:\/\/livo.co\/wp-content\/uploads\/2022\/08\/front-view-of-smiley-female-realtor-with-young-couple-embracing-in-the-background-min-scaled.jpg","datePublished":"2022-08-22T14:16:22+00:00","dateModified":"2023-11-20T19:35:41+00:00","breadcrumb":{"@id":"https:\/\/livo.co\/trabaja-con-nosotros\/#breadcrumb"},"inLanguage":"en-US","potentialAction":[{"@type":"ReadAction","target":["https:\/\/livo.co\/trabaja-con-nosotros\/"]}]},{"@type":"ImageObject","inLanguage":"en-US","@id":"https:\/\/livo.co\/trabaja-con-nosotros\/#primaryimage","url":"https:\/\/livo.co\/wp-content\/uploads\/2022\/08\/front-view-of-smiley-female-realtor-with-young-couple-embracing-in-the-background-min-scaled.jpg","contentUrl":"https:\/\/livo.co\/wp-content\/uploads\/2022\/08\/front-view-of-smiley-female-realtor-with-young-couple-embracing-in-the-background-min-scaled.jpg","width":2560,"height":1708},{"@type":"BreadcrumbList","@id":"https:\/\/livo.co\/trabaja-con-nosotros\/#breadcrumb","itemListElement":[{"@type":"ListItem","position":1,"name":"Home","item":"https:\/\/livo.co\/"},{"@type":"ListItem","position":2,"name":"Trabaja con Nosotros"}]},{"@type":"WebSite","@id":"https:\/\/livo.co\/#website","url":"https:\/\/livo.co\/","name":"Livo.co","description":"Vive tu sue\u00f1o desde 1\/8","publisher":{"@id":"https:\/\/livo.co\/#organization"},"potentialAction":[{"@type":"SearchAction","target":{"@type":"EntryPoint","urlTemplate":"https:\/\/livo.co\/?s={search_term_string}"},"query-input":{"@type":"PropertyValueSpecification","valueRequired":true,"valueName":"search_term_string"}}],"inLanguage":"en-US"},{"@type":"Organization","@id":"https:\/\/livo.co\/#organization","name":"Livo.co","url":"https:\/\/livo.co\/","logo":{"@type":"ImageObject","inLanguage":"en-US","@id":"https:\/\/livo.co\/#\/schema\/logo\/image\/","url":"https:\/\/livo.co\/wp-content\/uploads\/2022\/08\/cropped-Web-Resources-01.png","contentUrl":"https:\/\/livo.co\/wp-content\/uploads\/2022\/08\/cropped-Web-Resources-01.png","width":284,"height":81,"caption":"Livo.co"},"image":{"@id":"https:\/\/livo.co\/#\/schema\/logo\/image\/"},"sameAs":["https:\/\/www.facebook.com\/Livohomes","https:\/\/www.instagram.com\/livohomes\/","https:\/\/www.linkedin.com\/company\/livohomes\/?viewAsMember=true"]}]}},"_links":{"self":[{"href":"https:\/\/livo.co\/en\/wp-json\/wp\/v2\/pages\/2720","targetHints":{"allow":["GET"]}}],"collection":[{"href":"https:\/\/livo.co\/en\/wp-json\/wp\/v2\/pages"}],"about":[{"href":"https:\/\/livo.co\/en\/wp-json\/wp\/v2\/types\/page"}],"author":[{"embeddable":true,"href":"https:\/\/livo.co\/en\/wp-json\/wp\/v2\/users\/1"}],"replies":[{"embeddable":true,"href":"https:\/\/livo.co\/en\/wp-json\/wp\/v2\/comments?post=2720"}],"version-history":[{"count":0,"href":"https:\/\/livo.co\/en\/wp-json\/wp\/v2\/pages\/2720\/revisions"}],"wp:featuredmedia":[{"embeddable":true,"href":"https:\/\/livo.co\/en\/wp-json\/wp\/v2\/media\/279"}],"wp:attachment":[{"href":"https:\/\/livo.co\/en\/wp-json\/wp\/v2\/media?parent=2720"}],"curies":[{"name":"wp","href":"https:\/\/api.w.org\/{rel}","templated":true}]}}