{"id":2719,"date":"2022-08-22T09:16:17","date_gmt":"2022-08-22T14:16:17","guid":{"rendered":"https:\/\/livo.co\/?page_id=2719"},"modified":"2025-02-27T08:39:14","modified_gmt":"2025-02-27T13:39:14","slug":"contacto-livo","status":"publish","type":"page","link":"https:\/\/livo.co\/en\/contacto-livo\/","title":{"rendered":"Contacto LIVO"},"content":{"rendered":"<div data-elementor-type=\"wp-page\" data-elementor-id=\"2719\" class=\"elementor elementor-2719\" data-elementor-post-type=\"page\">\n\t\t\t\t\t\t<section class=\"elementor-section elementor-top-section elementor-element elementor-element-9de20bb elementor-section-boxed elementor-section-height-default elementor-section-height-default elementor-invisible\" data-id=\"9de20bb\" data-element_type=\"section\" data-settings=\"{&quot;background_background&quot;:&quot;slideshow&quot;,&quot;background_slideshow_gallery&quot;:[{&quot;id&quot;:310,&quot;url&quot;:&quot;http:\\\/\\\/391.fe1.myftpupload.com\\\/wp-content\\\/uploads\\\/2022\\\/08\\\/Mesa-de-trabajo-64@4x.png&quot;}],&quot;animation&quot;:&quot;fadeIn&quot;,&quot;background_slideshow_loop&quot;:&quot;yes&quot;,&quot;background_slideshow_slide_duration&quot;:5000,&quot;background_slideshow_slide_transition&quot;:&quot;fade&quot;,&quot;background_slideshow_transition_duration&quot;:500}\">\n\t\t\t\t\t\t<div class=\"elementor-container elementor-column-gap-default\">\n\t\t\t\t\t<div class=\"elementor-column elementor-col-100 elementor-top-column elementor-element elementor-element-d41d1a3\" data-id=\"d41d1a3\" data-element_type=\"column\">\n\t\t\t<div class=\"elementor-widget-wrap elementor-element-populated\">\n\t\t\t\t\t\t<div class=\"elementor-element elementor-element-5b3d812 elementor-widget__width-initial elementor-invisible elementor-widget elementor-widget-heading\" data-id=\"5b3d812\" data-element_type=\"widget\" data-settings=\"{&quot;_animation&quot;:&quot;fadeIn&quot;}\" data-widget_type=\"heading.default\">\n\t\t\t\t<div class=\"elementor-widget-container\">\n\t\t\t\t\t<h2 class=\"elementor-heading-title elementor-size-default\">Contact Us<\/h2>\t\t\t\t<\/div>\n\t\t\t\t<\/div>\n\t\t\t\t<section class=\"elementor-section elementor-inner-section elementor-element elementor-element-7c563ee elementor-section-boxed elementor-section-height-default elementor-section-height-default\" data-id=\"7c563ee\" data-element_type=\"section\">\n\t\t\t\t\t\t<div class=\"elementor-container elementor-column-gap-default\">\n\t\t\t\t\t<div class=\"elementor-column elementor-col-50 elementor-inner-column elementor-element elementor-element-b353e52\" data-id=\"b353e52\" data-element_type=\"column\">\n\t\t\t<div class=\"elementor-widget-wrap elementor-element-populated\">\n\t\t\t\t\t\t<div class=\"elementor-element elementor-element-87fa094 elementor-widget elementor-widget-heading\" data-id=\"87fa094\" data-element_type=\"widget\" data-widget_type=\"heading.default\">\n\t\t\t\t<div class=\"elementor-widget-container\">\n\t\t\t\t\t<h2 class=\"elementor-heading-title elementor-size-default\">Your Dream is waiting<\/h2>\t\t\t\t<\/div>\n\t\t\t\t<\/div>\n\t\t\t\t<div class=\"elementor-element elementor-element-e4e1df1 e-transform elementor-widget elementor-widget-heading\" data-id=\"e4e1df1\" data-element_type=\"widget\" data-settings=\"{&quot;_transform_translateY_effect&quot;:{&quot;unit&quot;:&quot;px&quot;,&quot;size&quot;:-12,&quot;sizes&quot;:[]},&quot;_transform_translateX_effect&quot;:{&quot;unit&quot;:&quot;px&quot;,&quot;size&quot;:&quot;&quot;,&quot;sizes&quot;:[]},&quot;_transform_translateX_effect_tablet&quot;:{&quot;unit&quot;:&quot;px&quot;,&quot;size&quot;:&quot;&quot;,&quot;sizes&quot;:[]},&quot;_transform_translateX_effect_mobile&quot;:{&quot;unit&quot;:&quot;px&quot;,&quot;size&quot;:&quot;&quot;,&quot;sizes&quot;:[]},&quot;_transform_translateY_effect_tablet&quot;:{&quot;unit&quot;:&quot;px&quot;,&quot;size&quot;:&quot;&quot;,&quot;sizes&quot;:[]},&quot;_transform_translateY_effect_mobile&quot;:{&quot;unit&quot;:&quot;px&quot;,&quot;size&quot;:&quot;&quot;,&quot;sizes&quot;:[]}}\" data-widget_type=\"heading.default\">\n\t\t\t\t<div class=\"elementor-widget-container\">\n\t\t\t\t\t<h2 class=\"elementor-heading-title elementor-size-default\">Schedule Your Call<\/h2>\t\t\t\t<\/div>\n\t\t\t\t<\/div>\n\t\t\t\t<div class=\"elementor-element elementor-element-fb6f3fa elementor-widget elementor-widget-text-editor\" data-id=\"fb6f3fa\" data-element_type=\"widget\" data-widget_type=\"text-editor.default\">\n\t\t\t\t<div class=\"elementor-widget-container\">\n\t\t\t\t\t\t\t\t\t<p>Don't hesitate to contact our sales team via WhatsApp or phone! We're here to answer all your questions and help you find the property, boat, or investment of your dreams.<\/p><h2><span style=\"color: #003300;\">\u00a0<a style=\"color: #003300;\" href=\"http:\/\/wa.me\/573218892786\">+(57) 321 8892786<\/a><\/span><\/h2><h2><span style=\"color: #003300;\"><a style=\"color: #003300;\" href=\"http:\/\/wa.me\/573218439310\">\u00a0+(57) 321 8439310<\/a><\/span><\/h2><p>Hours of operation: Monday to Saturday from 8:00 a.m. to 8:00 p.m.<\/p><p>You can also leave your details, and we will get in touch with you.<\/p>\t\t\t\t\t\t\t\t<\/div>\n\t\t\t\t<\/div>\n\t\t\t\t\t<\/div>\n\t\t<\/div>\n\t\t\t\t<div class=\"elementor-column elementor-col-50 elementor-inner-column elementor-element elementor-element-7a3f916\" data-id=\"7a3f916\" data-element_type=\"column\">\n\t\t\t<div class=\"elementor-widget-wrap\">\n\t\t\t\t\t\t\t<\/div>\n\t\t<\/div>\n\t\t\t\t\t<\/div>\n\t\t<\/section>\n\t\t\t\t<div class=\"elementor-element elementor-element-e4295fa elementor-fixed elementor-view-default elementor-widget elementor-widget-icon\" data-id=\"e4295fa\" data-element_type=\"widget\" data-settings=\"{&quot;_position&quot;:&quot;fixed&quot;}\" data-widget_type=\"icon.default\">\n\t\t\t\t<div class=\"elementor-widget-container\">\n\t\t\t\t\t\t\t<div class=\"elementor-icon-wrapper\">\n\t\t\t<a class=\"elementor-icon\" href=\"https:\/\/wa.link\/g5ytau\" target=\"_blank\">\n\t\t\t<i aria-hidden=\"true\" class=\"fab fa-whatsapp\"><\/i>\t\t\t<\/a>\n\t\t<\/div>\n\t\t\t\t\t\t<\/div>\n\t\t\t\t<\/div>\n\t\t\t\t\t<\/div>\n\t\t<\/div>\n\t\t\t\t\t<\/div>\n\t\t<\/section>\n\t\t\t\t<section class=\"elementor-section elementor-top-section elementor-element elementor-element-5342b42 elementor-section-boxed elementor-section-height-default elementor-section-height-default elementor-invisible\" data-id=\"5342b42\" data-element_type=\"section\" data-settings=\"{&quot;background_background&quot;:&quot;slideshow&quot;,&quot;background_slideshow_gallery&quot;:[{&quot;id&quot;:302,&quot;url&quot;:&quot;http:\\\/\\\/391.fe1.myftpupload.com\\\/wp-content\\\/uploads\\\/2022\\\/08\\\/Mesa-de-trabajo-46@4x.png&quot;}],&quot;animation&quot;:&quot;fadeIn&quot;,&quot;background_slideshow_loop&quot;:&quot;yes&quot;,&quot;background_slideshow_slide_duration&quot;:5000,&quot;background_slideshow_slide_transition&quot;:&quot;fade&quot;,&quot;background_slideshow_transition_duration&quot;:500}\">\n\t\t\t\t\t\t<div class=\"elementor-container elementor-column-gap-default\">\n\t\t\t\t\t<div class=\"elementor-column elementor-col-100 elementor-top-column elementor-element elementor-element-5140388\" data-id=\"5140388\" data-element_type=\"column\">\n\t\t\t<div class=\"elementor-widget-wrap elementor-element-populated\">\n\t\t\t\t\t\t<div class=\"elementor-element elementor-element-a7cc1b5 elementor-button-align-center elementor-widget elementor-widget-form\" data-id=\"a7cc1b5\" data-element_type=\"widget\" data-settings=\"{&quot;step_next_label&quot;:&quot;Siguiente&quot;,&quot;step_previous_label&quot;:&quot;Anterior&quot;,&quot;step_type&quot;:&quot;number_text&quot;,&quot;step_icon_shape&quot;:&quot;circle&quot;}\" data-widget_type=\"form.default\">\n\t\t\t\t<div class=\"elementor-widget-container\">\n\t\t\t\t\t\t\t<form class=\"elementor-form\" method=\"post\" name=\"Nuevo formulario\" aria-label=\"Nuevo formulario\" action=\"\">\n\t\t\t<input type=\"hidden\" name=\"post_id\" value=\"2719\"\/>\n\t\t\t<input type=\"hidden\" name=\"form_id\" value=\"a7cc1b5\"\/>\n\t\t\t<input type=\"hidden\" name=\"referer_title\" value=\"LIVO\" \/>\n\n\t\t\t\n\t\t\t<div class=\"elementor-form-fields-wrapper elementor-labels-\">\n\t\t\t\t\t\t\t\t<div class=\"elementor-field-type-text elementor-field-group elementor-column elementor-field-group-name elementor-col-50 elementor-field-required\">\n\t\t\t\t\t\t\t\t\t\t\t\t<label for=\"form-field-name\" class=\"elementor-field-label elementor-screen-only\">\n\t\t\t\t\t\t\t\t*First Name\t\t\t\t\t\t\t<\/label>\n\t\t\t\t\t\t\t\t\t\t\t\t\t\t<input size=\"1\" type=\"text\" name=\"form_fields[name]\" id=\"form-field-name\" class=\"elementor-field elementor-size-sm  elementor-field-textual\" placeholder=\"*First Name\" required=\"required\">\n\t\t\t\t\t\t\t\t\t\t\t<\/div>\n\t\t\t\t\t\t\t\t<div class=\"elementor-field-type-text elementor-field-group elementor-column elementor-field-group-field_10292b8 elementor-col-50 elementor-field-required\">\n\t\t\t\t\t\t\t\t\t\t\t\t<label for=\"form-field-field_10292b8\" class=\"elementor-field-label elementor-screen-only\">\n\t\t\t\t\t\t\t\t*Last Name\t\t\t\t\t\t\t<\/label>\n\t\t\t\t\t\t\t\t\t\t\t\t\t\t<input size=\"1\" type=\"text\" name=\"form_fields[field_10292b8]\" id=\"form-field-field_10292b8\" class=\"elementor-field elementor-size-sm  elementor-field-textual\" placeholder=\"*Last Name\" required=\"required\">\n\t\t\t\t\t\t\t\t\t\t\t<\/div>\n\t\t\t\t\t\t\t\t<div class=\"elementor-field-type-select elementor-field-group elementor-column elementor-field-group-field_affa389 elementor-col-33\">\n\t\t\t\t\t\t\t\t\t\t\t\t<label for=\"form-field-field_affa389\" class=\"elementor-field-label elementor-screen-only\">\n\t\t\t\t\t\t\t\tPerfil\t\t\t\t\t\t\t<\/label>\n\t\t\t\t\t\t\t\t<div class=\"elementor-field elementor-select-wrapper remove-before\">\n\t\t\t<div class=\"select-caret-down-wrapper\">\n\t\t\t\t<i aria-hidden=\"true\" class=\"eicon-caret-down\"><\/i>\t\t\t<\/div>\n\t\t\t<select name=\"form_fields[field_affa389]\" id=\"form-field-field_affa389\" class=\"elementor-field-textual elementor-size-sm\">\n\t\t\t\t\t\t\t\t\t<option value=\"Comprador\">Buyer<\/option>\n\t\t\t\t\t\t\t\t\t<option value=\"Vendedor\">Seller<\/option>\n\t\t\t\t\t\t\t\t\t<option value=\"Broker\">Broker<\/option>\n\t\t\t\t\t\t\t\t\t<option value=\"Desarrollador\">Developer<\/option>\n\t\t\t\t\t\t\t<\/select>\n\t\t<\/div>\n\t\t\t\t\t\t<\/div>\n\t\t\t\t\t\t\t\t<div class=\"elementor-field-type-text elementor-field-group elementor-column elementor-field-group-email elementor-col-33\">\n\t\t\t\t\t\t\t\t\t\t\t\t<label for=\"form-field-email\" class=\"elementor-field-label elementor-screen-only\">\n\t\t\t\t\t\t\t\tPhone\t\t\t\t\t\t\t<\/label>\n\t\t\t\t\t\t\t\t\t\t\t\t\t\t<input size=\"1\" type=\"text\" name=\"form_fields[email]\" id=\"form-field-email\" class=\"elementor-field elementor-size-sm  elementor-field-textual\" placeholder=\"Phone\">\n\t\t\t\t\t\t\t\t\t\t\t<\/div>\n\t\t\t\t\t\t\t\t<div class=\"elementor-field-type-email elementor-field-group elementor-column elementor-field-group-field_e6d880b elementor-col-33 elementor-field-required\">\n\t\t\t\t\t\t\t\t\t\t\t\t<label for=\"form-field-field_e6d880b\" class=\"elementor-field-label elementor-screen-only\">\n\t\t\t\t\t\t\t\t*E-mail\t\t\t\t\t\t\t<\/label>\n\t\t\t\t\t\t\t\t\t\t\t\t\t\t<input size=\"1\" type=\"email\" name=\"form_fields[field_e6d880b]\" id=\"form-field-field_e6d880b\" class=\"elementor-field elementor-size-sm  elementor-field-textual\" placeholder=\"*E-mail\" required=\"required\">\n\t\t\t\t\t\t\t\t\t\t\t<\/div>\n\t\t\t\t\t\t\t\t<div class=\"elementor-field-type-textarea elementor-field-group elementor-column elementor-field-group-message elementor-col-100\">\n\t\t\t\t\t\t\t\t\t\t\t\t<label for=\"form-field-message\" class=\"elementor-field-label elementor-screen-only\">\n\t\t\t\t\t\t\t\tDescription\t\t\t\t\t\t\t<\/label>\n\t\t\t\t\t\t<textarea class=\"elementor-field-textual elementor-field  elementor-size-sm\" name=\"form_fields[message]\" id=\"form-field-message\" rows=\"4\" placeholder=\"Description\"><\/textarea>\t\t\t\t<\/div>\n\t\t\t\t\t\t\t\t<div class=\"elementor-field-type-recaptcha_v3 elementor-field-group elementor-column elementor-field-group-field_c4cefdd elementor-col-100 recaptcha_v3-bottomright\">\n\t\t\t\t\t<div class=\"elementor-field\" id=\"form-field-field_c4cefdd\"><div class=\"elementor-g-recaptcha\" data-sitekey=\"6LfBQ6spAAAAAFu-TSjQ37n3ife1q4M-dBO3fim3\" data-type=\"v3\" data-action=\"Form\" data-badge=\"bottomright\" data-size=\"invisible\"><\/div><\/div>\t\t\t\t<\/div>\n\t\t\t\t\t\t\t\t<div class=\"elementor-field-group elementor-column elementor-field-type-submit elementor-col-100 e-form__buttons\">\n\t\t\t\t\t<button class=\"elementor-button elementor-size-xs\" type=\"submit\">\n\t\t\t\t\t\t<span class=\"elementor-button-content-wrapper\">\n\t\t\t\t\t\t\t\t\t\t\t\t\t\t\t\t\t\t\t\t\t\t<span class=\"elementor-button-text\">Submit<\/span>\n\t\t\t\t\t\t\t\t\t\t\t\t\t<\/span>\n\t\t\t\t\t<\/button>\n\t\t\t\t<\/div>\n\t\t\t<\/div>\n\t\t<input type=\"hidden\" name=\"trp-form-language\" value=\"en\"\/><\/form>\n\t\t\t\t\t\t<\/div>\n\t\t\t\t<\/div>\n\t\t\t\t\t<\/div>\n\t\t<\/div>\n\t\t\t\t\t<\/div>\n\t\t<\/section>\n\t\t\t\t<section class=\"elementor-section elementor-top-section elementor-element elementor-element-bb60517 elementor-section-boxed elementor-section-height-default elementor-section-height-default\" data-id=\"bb60517\" data-element_type=\"section\" data-settings=\"{&quot;background_background&quot;:&quot;classic&quot;}\">\n\t\t\t\t\t\t<div class=\"elementor-container elementor-column-gap-default\">\n\t\t\t\t\t<div class=\"elementor-column elementor-col-100 elementor-top-column elementor-element elementor-element-5da188a\" data-id=\"5da188a\" data-element_type=\"column\">\n\t\t\t<div class=\"elementor-widget-wrap elementor-element-populated\">\n\t\t\t\t\t\t<div class=\"elementor-element elementor-element-ab6995e elementor-position-top elementor-widget elementor-widget-image-box\" data-id=\"ab6995e\" data-element_type=\"widget\" data-widget_type=\"image-box.default\">\n\t\t\t\t<div class=\"elementor-widget-container\">\n\t\t\t\t\t<div class=\"elementor-image-box-wrapper\"><figure class=\"elementor-image-box-img\"><img decoding=\"async\" width=\"172\" height=\"173\" src=\"https:\/\/livo.co\/wp-content\/uploads\/2022\/08\/Mesa-de-trabajo-49@4x.png\" class=\"attachment-full size-full wp-image-304\" alt=\"\" srcset=\"https:\/\/livo.co\/wp-content\/uploads\/2022\/08\/Mesa-de-trabajo-49@4x.png 172w, https:\/\/livo.co\/wp-content\/uploads\/2022\/08\/Mesa-de-trabajo-49@4x-150x150.png 150w, https:\/\/livo.co\/wp-content\/uploads\/2022\/08\/Mesa-de-trabajo-49@4x-100x100.png 100w\" sizes=\"(max-width: 172px) 100vw, 172px\" \/><\/figure><div class=\"elementor-image-box-content\"><h3 class=\"elementor-image-box-title\">Schedule A Call\u200b With Us<\/h3><\/div><\/div>\t\t\t\t<\/div>\n\t\t\t\t<\/div>\n\t\t\t\t\t<\/div>\n\t\t<\/div>\n\t\t\t\t\t<\/div>\n\t\t<\/section>\n\t\t\t\t<section class=\"elementor-section elementor-top-section elementor-element elementor-element-f5b166a elementor-section-boxed elementor-section-height-default elementor-section-height-default\" data-id=\"f5b166a\" data-element_type=\"section\">\n\t\t\t\t\t\t<div class=\"elementor-container elementor-column-gap-default\">\n\t\t\t\t\t<div class=\"elementor-column elementor-col-100 elementor-top-column elementor-element elementor-element-940c843\" data-id=\"940c843\" data-element_type=\"column\">\n\t\t\t<div class=\"elementor-widget-wrap elementor-element-populated\">\n\t\t\t\t\t\t<div class=\"elementor-element elementor-element-3e62d78 elementor-widget elementor-widget-html\" data-id=\"3e62d78\" data-element_type=\"widget\" data-widget_type=\"html.default\">\n\t\t\t\t<div class=\"elementor-widget-container\">\n\t\t\t\t\t<!-- Calendly inline widget begin -->\n<div class=\"calendly-inline-widget\" data-url=\"https:\/\/calendly.com\/livohomes\/llamada\" style=\"min-width:320px;height:700px;\"><\/div>\n<script type=\"text\/javascript\" src=\"https:\/\/assets.calendly.com\/assets\/external\/widget.js\" async><\/script>\n<!-- Calendly inline widget end -->\t\t\t\t<\/div>\n\t\t\t\t<\/div>\n\t\t\t\t\t<\/div>\n\t\t<\/div>\n\t\t\t\t\t<\/div>\n\t\t<\/section>\n\t\t\t\t<\/div>","protected":false},"excerpt":{"rendered":"<p>\u00bfTienes preguntas o quieres saber m\u00e1s sobre LIVO? Cont\u00e1ctanos y descubre c\u00f3mo podemos ayudarte a invertir en propiedades y embarcaciones de lujo de manera inteligente. \u00a1Estamos aqu\u00ed para asesorarte!<\/p>","protected":false},"author":1,"featured_media":9520,"parent":0,"menu_order":0,"comment_status":"closed","ping_status":"closed","template":"","meta":{"footnotes":""},"class_list":["post-2719","page","type-page","status-publish","has-post-thumbnail","hentry"],"yoast_head":"<!-- This site is optimized with the Yoast SEO plugin v26.1.1 - https:\/\/yoast.com\/wordpress\/plugins\/seo\/ -->\n<title>Contacto LIVO - LIVO<\/title>\n<meta name=\"description\" content=\"\u00bfTienes preguntas o quieres saber m\u00e1s sobre LIVO? Cont\u00e1ctanos y descubre c\u00f3mo podemos ayudarte a invertir en propiedades y embarcaciones.\" \/>\n<meta name=\"robots\" content=\"index, follow, max-snippet:-1, max-image-preview:large, max-video-preview:-1\" \/>\n<link rel=\"canonical\" href=\"https:\/\/livo.co\/en\/contacto-livo\/\" \/>\n<meta property=\"og:locale\" content=\"en_US\" \/>\n<meta property=\"og:type\" content=\"article\" \/>\n<meta property=\"og:title\" content=\"Contacto LIVO - LIVO\" \/>\n<meta property=\"og:description\" content=\"\u00bfTienes preguntas o quieres saber m\u00e1s sobre LIVO? Cont\u00e1ctanos y descubre c\u00f3mo podemos ayudarte a invertir en propiedades y embarcaciones.\" \/>\n<meta property=\"og:url\" content=\"https:\/\/livo.co\/en\/contacto-livo\/\" \/>\n<meta property=\"og:site_name\" content=\"LIVO\" \/>\n<meta property=\"article:publisher\" content=\"https:\/\/www.facebook.com\/Livohomes\" \/>\n<meta property=\"article:modified_time\" content=\"2025-02-27T13:39:14+00:00\" \/>\n<meta property=\"og:image\" content=\"https:\/\/livo.co\/wp-content\/uploads\/2025\/02\/Botes.webp\" \/>\n\t<meta property=\"og:image:width\" content=\"1200\" \/>\n\t<meta property=\"og:image:height\" content=\"800\" \/>\n\t<meta property=\"og:image:type\" content=\"image\/webp\" \/>\n<meta name=\"twitter:card\" content=\"summary_large_image\" \/>\n<meta name=\"twitter:label1\" content=\"Est. reading time\" \/>\n\t<meta name=\"twitter:data1\" content=\"1 minute\" \/>\n<script type=\"application\/ld+json\" class=\"yoast-schema-graph\">{\"@context\":\"https:\/\/schema.org\",\"@graph\":[{\"@type\":\"WebPage\",\"@id\":\"https:\/\/livo.co\/contacto-livo\/\",\"url\":\"https:\/\/livo.co\/contacto-livo\/\",\"name\":\"Contacto LIVO - LIVO\",\"isPartOf\":{\"@id\":\"https:\/\/livo.co\/#website\"},\"primaryImageOfPage\":{\"@id\":\"https:\/\/livo.co\/contacto-livo\/#primaryimage\"},\"image\":{\"@id\":\"https:\/\/livo.co\/contacto-livo\/#primaryimage\"},\"thumbnailUrl\":\"https:\/\/livo.co\/wp-content\/uploads\/2025\/02\/Botes.webp\",\"datePublished\":\"2022-08-22T14:16:17+00:00\",\"dateModified\":\"2025-02-27T13:39:14+00:00\",\"description\":\"\u00bfTienes preguntas o quieres saber m\u00e1s sobre LIVO? Cont\u00e1ctanos y descubre c\u00f3mo podemos ayudarte a invertir en propiedades y embarcaciones.\",\"breadcrumb\":{\"@id\":\"https:\/\/livo.co\/contacto-livo\/#breadcrumb\"},\"inLanguage\":\"en-US\",\"potentialAction\":[{\"@type\":\"ReadAction\",\"target\":[\"https:\/\/livo.co\/contacto-livo\/\"]}]},{\"@type\":\"ImageObject\",\"inLanguage\":\"en-US\",\"@id\":\"https:\/\/livo.co\/contacto-livo\/#primaryimage\",\"url\":\"https:\/\/livo.co\/wp-content\/uploads\/2025\/02\/Botes.webp\",\"contentUrl\":\"https:\/\/livo.co\/wp-content\/uploads\/2025\/02\/Botes.webp\",\"width\":1200,\"height\":800,\"caption\":\"livo boats\"},{\"@type\":\"BreadcrumbList\",\"@id\":\"https:\/\/livo.co\/contacto-livo\/#breadcrumb\",\"itemListElement\":[{\"@type\":\"ListItem\",\"position\":1,\"name\":\"Home\",\"item\":\"https:\/\/livo.co\/\"},{\"@type\":\"ListItem\",\"position\":2,\"name\":\"Contacto LIVO\"}]},{\"@type\":\"WebSite\",\"@id\":\"https:\/\/livo.co\/#website\",\"url\":\"https:\/\/livo.co\/\",\"name\":\"Livo.co\",\"description\":\"Vive tu sue\u00f1o desde 1\/8\",\"publisher\":{\"@id\":\"https:\/\/livo.co\/#organization\"},\"potentialAction\":[{\"@type\":\"SearchAction\",\"target\":{\"@type\":\"EntryPoint\",\"urlTemplate\":\"https:\/\/livo.co\/?s={search_term_string}\"},\"query-input\":{\"@type\":\"PropertyValueSpecification\",\"valueRequired\":true,\"valueName\":\"search_term_string\"}}],\"inLanguage\":\"en-US\"},{\"@type\":\"Organization\",\"@id\":\"https:\/\/livo.co\/#organization\",\"name\":\"Livo.co\",\"url\":\"https:\/\/livo.co\/\",\"logo\":{\"@type\":\"ImageObject\",\"inLanguage\":\"en-US\",\"@id\":\"https:\/\/livo.co\/#\/schema\/logo\/image\/\",\"url\":\"https:\/\/livo.co\/wp-content\/uploads\/2022\/08\/cropped-Web-Resources-01.png\",\"contentUrl\":\"https:\/\/livo.co\/wp-content\/uploads\/2022\/08\/cropped-Web-Resources-01.png\",\"width\":284,\"height\":81,\"caption\":\"Livo.co\"},\"image\":{\"@id\":\"https:\/\/livo.co\/#\/schema\/logo\/image\/\"},\"sameAs\":[\"https:\/\/www.facebook.com\/Livohomes\",\"https:\/\/www.instagram.com\/livohomes\/\",\"https:\/\/www.linkedin.com\/company\/livohomes\/?viewAsMember=true\"]}]}<\/script>\n<!-- \/ Yoast SEO plugin. -->","yoast_head_json":{"title":"Contacto LIVO - LIVO","description":"\u00bfTienes preguntas o quieres saber m\u00e1s sobre LIVO? Cont\u00e1ctanos y descubre c\u00f3mo podemos ayudarte a invertir en propiedades y embarcaciones.","robots":{"index":"index","follow":"follow","max-snippet":"max-snippet:-1","max-image-preview":"max-image-preview:large","max-video-preview":"max-video-preview:-1"},"canonical":"https:\/\/livo.co\/en\/contacto-livo\/","og_locale":"en_US","og_type":"article","og_title":"Contacto LIVO - LIVO","og_description":"\u00bfTienes preguntas o quieres saber m\u00e1s sobre LIVO? Cont\u00e1ctanos y descubre c\u00f3mo podemos ayudarte a invertir en propiedades y embarcaciones.","og_url":"https:\/\/livo.co\/en\/contacto-livo\/","og_site_name":"LIVO","article_publisher":"https:\/\/www.facebook.com\/Livohomes","article_modified_time":"2025-02-27T13:39:14+00:00","og_image":[{"width":1200,"height":800,"url":"https:\/\/livo.co\/wp-content\/uploads\/2025\/02\/Botes.webp","type":"image\/webp"}],"twitter_card":"summary_large_image","twitter_misc":{"Est. reading time":"1 minute"},"schema":{"@context":"https:\/\/schema.org","@graph":[{"@type":"WebPage","@id":"https:\/\/livo.co\/contacto-livo\/","url":"https:\/\/livo.co\/contacto-livo\/","name":"Contacto LIVO - LIVO","isPartOf":{"@id":"https:\/\/livo.co\/#website"},"primaryImageOfPage":{"@id":"https:\/\/livo.co\/contacto-livo\/#primaryimage"},"image":{"@id":"https:\/\/livo.co\/contacto-livo\/#primaryimage"},"thumbnailUrl":"https:\/\/livo.co\/wp-content\/uploads\/2025\/02\/Botes.webp","datePublished":"2022-08-22T14:16:17+00:00","dateModified":"2025-02-27T13:39:14+00:00","description":"\u00bfTienes preguntas o quieres saber m\u00e1s sobre LIVO? Cont\u00e1ctanos y descubre c\u00f3mo podemos ayudarte a invertir en propiedades y embarcaciones.","breadcrumb":{"@id":"https:\/\/livo.co\/contacto-livo\/#breadcrumb"},"inLanguage":"en-US","potentialAction":[{"@type":"ReadAction","target":["https:\/\/livo.co\/contacto-livo\/"]}]},{"@type":"ImageObject","inLanguage":"en-US","@id":"https:\/\/livo.co\/contacto-livo\/#primaryimage","url":"https:\/\/livo.co\/wp-content\/uploads\/2025\/02\/Botes.webp","contentUrl":"https:\/\/livo.co\/wp-content\/uploads\/2025\/02\/Botes.webp","width":1200,"height":800,"caption":"livo boats"},{"@type":"BreadcrumbList","@id":"https:\/\/livo.co\/contacto-livo\/#breadcrumb","itemListElement":[{"@type":"ListItem","position":1,"name":"Home","item":"https:\/\/livo.co\/"},{"@type":"ListItem","position":2,"name":"Contacto LIVO"}]},{"@type":"WebSite","@id":"https:\/\/livo.co\/#website","url":"https:\/\/livo.co\/","name":"Livo.co","description":"Vive tu sue\u00f1o desde 1\/8","publisher":{"@id":"https:\/\/livo.co\/#organization"},"potentialAction":[{"@type":"SearchAction","target":{"@type":"EntryPoint","urlTemplate":"https:\/\/livo.co\/?s={search_term_string}"},"query-input":{"@type":"PropertyValueSpecification","valueRequired":true,"valueName":"search_term_string"}}],"inLanguage":"en-US"},{"@type":"Organization","@id":"https:\/\/livo.co\/#organization","name":"Livo.co","url":"https:\/\/livo.co\/","logo":{"@type":"ImageObject","inLanguage":"en-US","@id":"https:\/\/livo.co\/#\/schema\/logo\/image\/","url":"https:\/\/livo.co\/wp-content\/uploads\/2022\/08\/cropped-Web-Resources-01.png","contentUrl":"https:\/\/livo.co\/wp-content\/uploads\/2022\/08\/cropped-Web-Resources-01.png","width":284,"height":81,"caption":"Livo.co"},"image":{"@id":"https:\/\/livo.co\/#\/schema\/logo\/image\/"},"sameAs":["https:\/\/www.facebook.com\/Livohomes","https:\/\/www.instagram.com\/livohomes\/","https:\/\/www.linkedin.com\/company\/livohomes\/?viewAsMember=true"]}]}},"_links":{"self":[{"href":"https:\/\/livo.co\/en\/wp-json\/wp\/v2\/pages\/2719","targetHints":{"allow":["GET"]}}],"collection":[{"href":"https:\/\/livo.co\/en\/wp-json\/wp\/v2\/pages"}],"about":[{"href":"https:\/\/livo.co\/en\/wp-json\/wp\/v2\/types\/page"}],"author":[{"embeddable":true,"href":"https:\/\/livo.co\/en\/wp-json\/wp\/v2\/users\/1"}],"replies":[{"embeddable":true,"href":"https:\/\/livo.co\/en\/wp-json\/wp\/v2\/comments?post=2719"}],"version-history":[{"count":0,"href":"https:\/\/livo.co\/en\/wp-json\/wp\/v2\/pages\/2719\/revisions"}],"wp:featuredmedia":[{"embeddable":true,"href":"https:\/\/livo.co\/en\/wp-json\/wp\/v2\/media\/9520"}],"wp:attachment":[{"href":"https:\/\/livo.co\/en\/wp-json\/wp\/v2\/media?parent=2719"}],"curies":[{"name":"wp","href":"https:\/\/api.w.org\/{rel}","templated":true}]}}